{"id":1042,"date":"2022-12-27T18:12:36","date_gmt":"2022-12-27T18:12:36","guid":{"rendered":"https:\/\/zinokiteviska.lt\/?page_id=1042"},"modified":"2026-03-24T14:10:21","modified_gmt":"2026-03-24T14:10:21","slug":"kainos","status":"publish","type":"page","link":"https:\/\/zinokiteviska.lt\/index.php\/kainos\/","title":{"rendered":"Kainos"},"content":{"rendered":"\n<div class=\"wp-block-columns alignwide is-layout-flex wp-container-core-columns-is-layout-9d6595d7 wp-block-columns-is-layout-flex\">\n<div class=\"wp-block-column is-vertically-aligned-top has-text-color has-background has-link-color has-small-font-size wp-elements-18f43dbdc9b8bfba1e60e87a2828dd1a is-layout-flow wp-block-column-is-layout-flow\" style=\"color:#000000;background-color:#ffe97d;padding-top:2em;padding-right:2em;padding-bottom:2em;padding-left:2em;flex-basis:320px\">\n<h2 class=\"wp-block-heading has-text-align-center\" id=\"single\" style=\"font-size:40px\"><strong>MINI<\/strong><\/h2>\n\n\n\n<hr class=\"wp-block-separator has-text-color has-css-opacity has-background is-style-wide\" style=\"background-color:#000000;color:#000000\"\/>\n\n\n\n<ul class=\"wp-block-list has-medium-font-size\">\n<li>Parodym\u0173 skai\u010dius per savait\u0119*: 1 020<\/li>\n\n\n\n<li>Klipo trukm\u0117: 10 s.<\/li>\n\n\n\n<li>Transliacij\u0173 laikas:<br>6\u201323 val.<\/li>\n\n\n\n<li>Piko valandos: ne<\/li>\n<\/ul>\n\n\n\n<div class=\"wp-block-buttons alignfull is-horizontal is-content-justification-center is-layout-flex wp-container-core-buttons-is-layout-499968f5 wp-block-buttons-is-layout-flex\">\n<div class=\"wp-block-button has-custom-width wp-block-button__width-100\"><a class=\"wp-block-button__link has-white-color has-text-color has-background has-medium-font-size has-custom-font-size wp-element-button\" style=\"background-color:#000000\"><strong><s>65 eur \/ sav.<\/s><\/strong> <br>32,50 eur \/ sav.<\/a><\/div>\n\n\n\n<div class=\"wp-block-button has-custom-width wp-block-button__width-100\"><a class=\"wp-block-button__link has-white-color has-text-color has-background has-medium-font-size has-custom-font-size wp-element-button\" style=\"background-color:#000000\"><strong><s>195 eur \/ m\u0117n.<\/s><\/strong><br>97,50 eur \/ sav.<\/a><\/div>\n<\/div>\n<\/div>\n\n\n\n<div class=\"wp-block-column is-vertically-aligned-top has-text-color has-background has-link-color has-small-font-size wp-elements-c12058e89bdc8daf66a4d0476d4cbacb is-layout-flow wp-block-column-is-layout-flow\" style=\"color:#000000;background-color:#d1d1e1;padding-top:2em;padding-right:2em;padding-bottom:2em;padding-left:2em;flex-basis:320px\">\n<h2 class=\"wp-block-heading has-text-align-center\" id=\"family\" style=\"font-size:40px\"><strong>MEDIUM<\/strong><\/h2>\n\n\n\n<hr class=\"wp-block-separator has-css-opacity is-style-wide\"\/>\n\n\n\n<ul class=\"wp-block-list has-medium-font-size\">\n<li class=\"ticss-a6321751\">Parodym\u0173 skai\u010dius per savait\u0119*: 1 500<\/li>\n\n\n\n<li>Klipo trukm\u0117: 10 s.<\/li>\n\n\n\n<li>Transliacij\u0173 laikas:<br>6\u201323 val.<\/li>\n\n\n\n<li>Piko valandos: ne<\/li>\n<\/ul>\n\n\n\n<div class=\"wp-block-buttons alignfull is-horizontal is-content-justification-center is-layout-flex wp-container-core-buttons-is-layout-499968f5 wp-block-buttons-is-layout-flex\">\n<div class=\"wp-block-button has-custom-width wp-block-button__width-100 is-style-fill\"><a class=\"wp-block-button__link has-white-color has-text-color has-background has-medium-font-size has-custom-font-size wp-element-button\" style=\"background-color:#000000\"><strong><s>85 eur \/ sav.<\/s><\/strong><br>42,50 eur \/ sav.<\/a><\/div>\n\n\n\n<div class=\"wp-block-button has-custom-width wp-block-button__width-100 is-style-fill\"><a class=\"wp-block-button__link has-white-color has-text-color has-background has-medium-font-size has-custom-font-size wp-element-button\" style=\"background-color:#000000\"><strong><s>255 eur \/ m\u0117n.<\/s><\/strong><br>127,50 eur \/ sav.<\/a><\/div>\n<\/div>\n<\/div>\n\n\n\n<div class=\"wp-block-column is-vertically-aligned-top ticss-a71c4085 has-text-color has-background has-link-color has-small-font-size wp-elements-46c9f8701046eac77004583069b25a99 is-layout-flow wp-block-column-is-layout-flow\" style=\"color:#000000;background-color:#c0ebf1;padding-top:2em;padding-right:2em;padding-bottom:2em;padding-left:2em;flex-basis:320px\">\n<h2 class=\"wp-block-heading has-text-align-center\" id=\"patron\" style=\"font-size:40px\"><strong>MAXI<\/strong><\/h2>\n\n\n\n<hr class=\"wp-block-separator has-css-opacity is-style-wide\"\/>\n\n\n\n<ul class=\"wp-block-list has-medium-font-size\">\n<li>Parodym\u0173 skai\u010dius per savait\u0119*: 1 050<\/li>\n\n\n\n<li>Klipo trukm\u0117: 10 s.<\/li>\n\n\n\n<li>Transliacij\u0173 laikas:<br>6\u201323 val.<\/li>\n\n\n\n<li>Piko valandos: ** taip<\/li>\n<\/ul>\n\n\n\n<div class=\"wp-block-buttons alignfull is-horizontal is-content-justification-center is-layout-flex wp-container-core-buttons-is-layout-499968f5 wp-block-buttons-is-layout-flex\">\n<div class=\"wp-block-button has-custom-width wp-block-button__width-100\"><a class=\"wp-block-button__link has-white-color has-text-color has-background has-medium-font-size has-custom-font-size wp-element-button\" style=\"background-color:#000000\"><strong><s>100 eur \/ sav.<\/s><\/strong><br>50 eur \/ sav.<\/a><\/div>\n\n\n\n<div class=\"wp-block-button has-custom-width wp-block-button__width-100\"><a class=\"wp-block-button__link has-white-color has-text-color has-background has-medium-font-size has-custom-font-size wp-element-button\" style=\"background-color:#000000\"><strong><s>300 eur \/ m\u0117n.<\/s><\/strong><br>150 eur \/ m\u0117n<\/a><\/div>\n<\/div>\n<\/div>\n<\/div>\n\n\n\n<p class=\"has-colibri-color-6-color has-text-color\">* Parodym\u0173 skai\u010dius nurodytas per valand\u0105.<br>** Piko valandos: 7\u20139 val., 12\u201314 val. ir 17\u201319 val.<\/p>\n\n\n\n<p class=\"has-colibri-color-6-color has-text-color\">Ekrano rezoliucija &#8211; 576\u00d7384 pikseliai.<br>Galimi formatai \u2013 .ts, .mpg, .vob, .mov, .mp4, .m2ts, .wmv.<\/p>\n\n\n\n<p><a href=\"https:\/\/zinokiteviska.lt\/index.php\/uzsakymo-forma\/\" target=\"_blank\" rel=\"noopener\" title=\"\">U\u017esakymo forma.<\/a><\/p>\n\n\n\n<p class=\"has-colibri-color-6-color has-text-color\">\u012e kain\u0105 \u012fskai\u010diuota publikacija socialinio tinklapio <em>Facebook<\/em> paskyroje \u201e\u017dinokite visk\u0105\u201c bei publikacija svetain\u0117s meniu punkte \u201eKlipai\u201c.<\/p>\n","protected":false},"excerpt":{"rendered":"<p>MINI MEDIUM MAXI * Parodym\u0173 skai\u010dius nurodytas per valand\u0105.** Piko valandos: 7\u20139 val., 12\u201314 val. ir 17\u201319 val. Ekrano rezoliucija &#8211; 576\u00d7384 pikseliai.Galimi formatai \u2013 .ts, .mpg, .vob, .mov, .mp4, .m2ts, .wmv. U\u017esakymo forma. \u012e kain\u0105 \u012fskai\u010diuota publikacija socialinio tinklapio Facebook paskyroje \u201e\u017dinokite visk\u0105\u201c bei publikacija svetain\u0117s meniu punkte \u201eKlipai\u201c.<\/p>\n","protected":false},"author":1,"featured_media":0,"parent":0,"menu_order":0,"comment_status":"closed","ping_status":"closed","template":"","meta":{"om_disable_all_campaigns":false,"_monsterinsights_skip_tracking":false,"_monsterinsights_sitenote_active":false,"_monsterinsights_sitenote_note":"","_monsterinsights_sitenote_category":0,"_themeisle_gutenberg_block_has_review":false,"_glsr_average":0,"_glsr_ranking":0,"_glsr_reviews":0,"footnotes":""},"class_list":["post-1042","page","type-page","status-publish","hentry"],"aioseo_notices":[],"_links":{"self":[{"href":"https:\/\/zinokiteviska.lt\/index.php\/wp-json\/wp\/v2\/pages\/1042","targetHints":{"allow":["GET"]}}],"collection":[{"href":"https:\/\/zinokiteviska.lt\/index.php\/wp-json\/wp\/v2\/pages"}],"about":[{"href":"https:\/\/zinokiteviska.lt\/index.php\/wp-json\/wp\/v2\/types\/page"}],"author":[{"embeddable":true,"href":"https:\/\/zinokiteviska.lt\/index.php\/wp-json\/wp\/v2\/users\/1"}],"replies":[{"embeddable":true,"href":"https:\/\/zinokiteviska.lt\/index.php\/wp-json\/wp\/v2\/comments?post=1042"}],"version-history":[{"count":35,"href":"https:\/\/zinokiteviska.lt\/index.php\/wp-json\/wp\/v2\/pages\/1042\/revisions"}],"predecessor-version":[{"id":2154,"href":"https:\/\/zinokiteviska.lt\/index.php\/wp-json\/wp\/v2\/pages\/1042\/revisions\/2154"}],"wp:attachment":[{"href":"https:\/\/zinokiteviska.lt\/index.php\/wp-json\/wp\/v2\/media?parent=1042"}],"curies":[{"name":"wp","href":"https:\/\/api.w.org\/{rel}","templated":true}]}}