{"id":1044,"date":"2022-12-27T18:12:59","date_gmt":"2022-12-27T18:12:59","guid":{"rendered":"https:\/\/zinokiteviska.lt\/?page_id=1044"},"modified":"2023-03-22T12:26:51","modified_gmt":"2023-03-22T12:26:51","slug":"transliaciju-tinkleliai","status":"publish","type":"page","link":"https:\/\/zinokiteviska.lt\/index.php\/transliaciju-tinkleliai\/","title":{"rendered":"Transliacij\u0173 tinkleliai"},"content":{"rendered":"\t\t<div data-elementor-type=\"wp-page\" data-elementor-id=\"1044\" class=\"elementor elementor-1044\">\n\t\t\t\t\t\t<section class=\"elementor-section elementor-top-section elementor-element elementor-element-2abf860 elementor-section-boxed elementor-section-height-default elementor-section-height-default\" data-id=\"2abf860\" data-element_type=\"section\">\n\t\t\t\t\t\t<div class=\"elementor-container elementor-column-gap-default\">\n\t\t\t\t\t<div class=\"elementor-column elementor-col-33 elementor-top-column elementor-element elementor-element-89ee6dd\" data-id=\"89ee6dd\" data-element_type=\"column\">\n\t\t\t<div class=\"elementor-widget-wrap elementor-element-populated\">\n\t\t\t\t\t\t<div class=\"elementor-element elementor-element-f4cd105 elementor-widget elementor-widget-text-editor\" data-id=\"f4cd105\" data-element_type=\"widget\" data-widget_type=\"text-editor.default\">\n\t\t\t\t<div class=\"elementor-widget-container\">\n\t\t\t\t\t\t\t\t\t<h1 style=\"text-align: center;\"><span style=\"color: #000000;\"><strong>MINI<\/strong><\/span><\/h1><h4 style=\"text-align: center;\"><span style=\"color: #000000;\"><strong>1 020 parodym\u0173 per savait\u0119<\/strong><\/span><\/h4>\t\t\t\t\t\t\t\t<\/div>\n\t\t\t\t<\/div>\n\t\t\t\t<div class=\"elementor-element elementor-element-d9a7e9f elementor-widget elementor-widget-image\" data-id=\"d9a7e9f\" data-element_type=\"widget\" data-widget_type=\"image.default\">\n\t\t\t\t<div class=\"elementor-widget-container\">\n\t\t\t\t\t\t\t\t\t\t\t\t\t\t\t<img fetchpriority=\"high\" decoding=\"async\" width=\"523\" height=\"613\" src=\"https:\/\/zinokiteviska.lt\/wp-content\/uploads\/2023\/02\/Screenshot-179-1.png\" class=\"attachment-large size-large wp-image-1829\" alt=\"\" srcset=\"https:\/\/zinokiteviska.lt\/wp-content\/uploads\/2023\/02\/Screenshot-179-1.png 523w, https:\/\/zinokiteviska.lt\/wp-content\/uploads\/2023\/02\/Screenshot-179-1-256x300.png 256w\" sizes=\"(max-width: 523px) 100vw, 523px\" \/>\t\t\t\t\t\t\t\t\t\t\t\t\t\t\t<\/div>\n\t\t\t\t<\/div>\n\t\t\t\t\t<\/div>\n\t\t<\/div>\n\t\t\t\t<div class=\"elementor-column elementor-col-33 elementor-top-column elementor-element elementor-element-0173370\" data-id=\"0173370\" data-element_type=\"column\">\n\t\t\t<div class=\"elementor-widget-wrap elementor-element-populated\">\n\t\t\t\t\t\t<div class=\"elementor-element elementor-element-ea73674 elementor-widget elementor-widget-text-editor\" data-id=\"ea73674\" data-element_type=\"widget\" data-widget_type=\"text-editor.default\">\n\t\t\t\t<div class=\"elementor-widget-container\">\n\t\t\t\t\t\t\t\t\t<h1 style=\"text-align: center;\"><span style=\"color: #000000;\"><strong>MIDI<\/strong><\/span><\/h1><h4 style=\"text-align: center;\"><span style=\"color: #000000;\"><strong>1 500 parodym\u0173 per savait\u0119<\/strong><\/span><\/h4>\t\t\t\t\t\t\t\t<\/div>\n\t\t\t\t<\/div>\n\t\t\t\t<div class=\"elementor-element elementor-element-b5c0b3d elementor-widget elementor-widget-image\" data-id=\"b5c0b3d\" data-element_type=\"widget\" data-widget_type=\"image.default\">\n\t\t\t\t<div class=\"elementor-widget-container\">\n\t\t\t\t\t\t\t\t\t\t\t\t\t\t\t<img decoding=\"async\" width=\"523\" height=\"613\" src=\"https:\/\/zinokiteviska.lt\/wp-content\/uploads\/2023\/02\/Screenshot-180-1.png\" class=\"attachment-large size-large wp-image-1830\" alt=\"\" srcset=\"https:\/\/zinokiteviska.lt\/wp-content\/uploads\/2023\/02\/Screenshot-180-1.png 523w, https:\/\/zinokiteviska.lt\/wp-content\/uploads\/2023\/02\/Screenshot-180-1-256x300.png 256w\" sizes=\"(max-width: 523px) 100vw, 523px\" \/>\t\t\t\t\t\t\t\t\t\t\t\t\t\t\t<\/div>\n\t\t\t\t<\/div>\n\t\t\t\t\t<\/div>\n\t\t<\/div>\n\t\t\t\t<div class=\"elementor-column elementor-col-33 elementor-top-column elementor-element elementor-element-936f527\" data-id=\"936f527\" data-element_type=\"column\">\n\t\t\t<div class=\"elementor-widget-wrap elementor-element-populated\">\n\t\t\t\t\t\t<div class=\"elementor-element elementor-element-af4118b elementor-widget elementor-widget-text-editor\" data-id=\"af4118b\" data-element_type=\"widget\" data-widget_type=\"text-editor.default\">\n\t\t\t\t<div class=\"elementor-widget-container\">\n\t\t\t\t\t\t\t\t\t<h1 style=\"text-align: center;\"><span style=\"color: #000000;\"><strong>MAXI<\/strong><\/span><\/h1><h4 style=\"text-align: center;\"><span style=\"color: #000000;\"><strong>1 050 parodym\u0173 per savait\u0119<\/strong><\/span><\/h4>\t\t\t\t\t\t\t\t<\/div>\n\t\t\t\t<\/div>\n\t\t\t\t<div class=\"elementor-element elementor-element-8e4d5f5 elementor-widget elementor-widget-image\" data-id=\"8e4d5f5\" data-element_type=\"widget\" data-widget_type=\"image.default\">\n\t\t\t\t<div class=\"elementor-widget-container\">\n\t\t\t\t\t\t\t\t\t\t\t\t\t\t\t<img decoding=\"async\" width=\"523\" height=\"613\" src=\"https:\/\/zinokiteviska.lt\/wp-content\/uploads\/2023\/02\/Screenshot-181-1.png\" class=\"attachment-large size-large wp-image-1831\" alt=\"\" srcset=\"https:\/\/zinokiteviska.lt\/wp-content\/uploads\/2023\/02\/Screenshot-181-1.png 523w, https:\/\/zinokiteviska.lt\/wp-content\/uploads\/2023\/02\/Screenshot-181-1-256x300.png 256w\" sizes=\"(max-width: 523px) 100vw, 523px\" \/>\t\t\t\t\t\t\t\t\t\t\t\t\t\t\t<\/div>\n\t\t\t\t<\/div>\n\t\t\t\t\t<\/div>\n\t\t<\/div>\n\t\t\t\t\t<\/div>\n\t\t<\/section>\n\t\t\t\t<section class=\"elementor-section elementor-top-section elementor-element elementor-element-c3a3ba3 elementor-section-boxed elementor-section-height-default elementor-section-height-default\" data-id=\"c3a3ba3\" data-element_type=\"section\">\n\t\t\t\t\t\t<div class=\"elementor-container elementor-column-gap-default\">\n\t\t\t\t\t<div class=\"elementor-column elementor-col-100 elementor-top-column elementor-element elementor-element-b6afb48\" data-id=\"b6afb48\" data-element_type=\"column\">\n\t\t\t<div class=\"elementor-widget-wrap\">\n\t\t\t\t\t\t\t<\/div>\n\t\t<\/div>\n\t\t\t\t\t<\/div>\n\t\t<\/section>\n\t\t\t\t<\/div>\n\t\t","protected":false},"excerpt":{"rendered":"<p>MINI 1 020 parodym\u0173 per savait\u0119 MIDI 1 500 parodym\u0173 per savait\u0119 MAXI 1 050 parodym\u0173 per savait\u0119<\/p>\n","protected":false},"author":1,"featured_media":0,"parent":0,"menu_order":0,"comment_status":"closed","ping_status":"closed","template":"","meta":{"om_disable_all_campaigns":false,"_monsterinsights_skip_tracking":false,"_monsterinsights_sitenote_active":false,"_monsterinsights_sitenote_note":"","_monsterinsights_sitenote_category":0,"_themeisle_gutenberg_block_has_review":false,"_glsr_average":0,"_glsr_ranking":0,"_glsr_reviews":0,"footnotes":""},"class_list":["post-1044","page","type-page","status-publish","hentry"],"aioseo_notices":[],"_links":{"self":[{"href":"https:\/\/zinokiteviska.lt\/index.php\/wp-json\/wp\/v2\/pages\/1044","targetHints":{"allow":["GET"]}}],"collection":[{"href":"https:\/\/zinokiteviska.lt\/index.php\/wp-json\/wp\/v2\/pages"}],"about":[{"href":"https:\/\/zinokiteviska.lt\/index.php\/wp-json\/wp\/v2\/types\/page"}],"author":[{"embeddable":true,"href":"https:\/\/zinokiteviska.lt\/index.php\/wp-json\/wp\/v2\/users\/1"}],"replies":[{"embeddable":true,"href":"https:\/\/zinokiteviska.lt\/index.php\/wp-json\/wp\/v2\/comments?post=1044"}],"version-history":[{"count":31,"href":"https:\/\/zinokiteviska.lt\/index.php\/wp-json\/wp\/v2\/pages\/1044\/revisions"}],"predecessor-version":[{"id":1899,"href":"https:\/\/zinokiteviska.lt\/index.php\/wp-json\/wp\/v2\/pages\/1044\/revisions\/1899"}],"wp:attachment":[{"href":"https:\/\/zinokiteviska.lt\/index.php\/wp-json\/wp\/v2\/media?parent=1044"}],"curies":[{"name":"wp","href":"https:\/\/api.w.org\/{rel}","templated":true}]}}