{"id":1124,"date":"2023-02-03T08:45:44","date_gmt":"2023-02-03T08:45:44","guid":{"rendered":"https:\/\/zinokiteviska.lt\/?page_id=1124"},"modified":"2024-03-22T12:31:52","modified_gmt":"2024-03-22T12:31:52","slug":"reklaminiu-klipu-kurimas","status":"publish","type":"page","link":"https:\/\/zinokiteviska.lt\/index.php\/reklaminiu-klipu-kurimas\/","title":{"rendered":"Reklamini\u0173 klip\u0173 k\u016brimas"},"content":{"rendered":"\t\t<div data-elementor-type=\"wp-page\" data-elementor-id=\"1124\" class=\"elementor elementor-1124\">\n\t\t\t\t\t\t<section class=\"elementor-section elementor-top-section elementor-element elementor-element-db89c4b elementor-section-boxed elementor-section-height-default elementor-section-height-default\" data-id=\"db89c4b\" data-element_type=\"section\">\n\t\t\t\t\t\t<div class=\"elementor-container elementor-column-gap-default\">\n\t\t\t\t\t<div class=\"elementor-column elementor-col-100 elementor-top-column elementor-element elementor-element-6663e4b6\" data-id=\"6663e4b6\" data-element_type=\"column\">\n\t\t\t<div class=\"elementor-widget-wrap elementor-element-populated\">\n\t\t\t\t\t\t<div class=\"elementor-element elementor-element-1e364352 elementor-widget elementor-widget-text-editor\" data-id=\"1e364352\" data-element_type=\"widget\" data-widget_type=\"text-editor.default\">\n\t\t\t\t<div class=\"elementor-widget-container\">\n\t\t\t\t\t\t\t\t\t<p><\/p>\n<p style=\"text-align: center;\"><span style=\"color: #000000;\">Prek\u0117s \u017eenklo \u012fvaizdis turi didel\u0119 reik\u0161m\u0119 s\u0117kmingai \u012fmon\u0117s veiklai. Geras, patrauklus, profesionalus reklaminis klipas turi didel\u0119 reik\u0161m\u0119 tikslin\u0117s auditorijos pasiekiamumui, tod\u0117l kuriant klipus rekomenduojame apgalvoti j\u0173 \u012fvaizd\u012f.<\/span><\/p>\n<p style=\"text-align: center;\">\u00a0<\/p>\n<p style=\"text-align: center;\"><span style=\"color: #000000;\">Neturite klipo? Klipo k\u016brimui rekomenduojame \u0161iuos tiek\u0117jus<\/span><\/p>\n<p><\/p>\t\t\t\t\t\t\t\t<\/div>\n\t\t\t\t<\/div>\n\t\t\t\t\t<\/div>\n\t\t<\/div>\n\t\t\t\t\t<\/div>\n\t\t<\/section>\n\t\t\t\t<section class=\"elementor-section elementor-top-section elementor-element elementor-element-b44a119 elementor-section-boxed elementor-section-height-default elementor-section-height-default\" data-id=\"b44a119\" data-element_type=\"section\">\n\t\t\t\t\t\t<div class=\"elementor-container elementor-column-gap-default\">\n\t\t\t\t\t<div class=\"elementor-column elementor-col-33 elementor-top-column elementor-element elementor-element-0858538\" data-id=\"0858538\" data-element_type=\"column\">\n\t\t\t<div class=\"elementor-widget-wrap elementor-element-populated\">\n\t\t\t\t\t\t<div class=\"elementor-element elementor-element-1787ab4 elementor-widget elementor-widget-image\" data-id=\"1787ab4\" data-element_type=\"widget\" data-widget_type=\"image.default\">\n\t\t\t\t<div class=\"elementor-widget-container\">\n\t\t\t\t\t\t\t\t\t\t\t\t\t\t\t<img fetchpriority=\"high\" decoding=\"async\" width=\"300\" height=\"300\" src=\"https:\/\/zinokiteviska.lt\/wp-content\/uploads\/2023\/02\/Cantrus-300x300.jpg\" class=\"attachment-medium size-medium wp-image-1199\" alt=\"\" srcset=\"https:\/\/zinokiteviska.lt\/wp-content\/uploads\/2023\/02\/Cantrus-300x300.jpg 300w, https:\/\/zinokiteviska.lt\/wp-content\/uploads\/2023\/02\/Cantrus-1024x1024.jpg 1024w, https:\/\/zinokiteviska.lt\/wp-content\/uploads\/2023\/02\/Cantrus-150x150.jpg 150w, https:\/\/zinokiteviska.lt\/wp-content\/uploads\/2023\/02\/Cantrus-768x768.jpg 768w, https:\/\/zinokiteviska.lt\/wp-content\/uploads\/2023\/02\/Cantrus-1536x1536.jpg 1536w, https:\/\/zinokiteviska.lt\/wp-content\/uploads\/2023\/02\/Cantrus.jpg 2048w\" sizes=\"(max-width: 300px) 100vw, 300px\" \/>\t\t\t\t\t\t\t\t\t\t\t\t\t\t\t<\/div>\n\t\t\t\t<\/div>\n\t\t\t\t\t<\/div>\n\t\t<\/div>\n\t\t\t\t<div class=\"elementor-column elementor-col-33 elementor-top-column elementor-element elementor-element-1e2d1fd\" data-id=\"1e2d1fd\" data-element_type=\"column\">\n\t\t\t<div class=\"elementor-widget-wrap\">\n\t\t\t\t\t\t\t<\/div>\n\t\t<\/div>\n\t\t\t\t<div class=\"elementor-column elementor-col-33 elementor-top-column elementor-element elementor-element-4adc77f\" data-id=\"4adc77f\" data-element_type=\"column\">\n\t\t\t<div class=\"elementor-widget-wrap elementor-element-populated\">\n\t\t\t\t\t\t<div class=\"elementor-element elementor-element-321c3db elementor-widget elementor-widget-image\" data-id=\"321c3db\" data-element_type=\"widget\" data-widget_type=\"image.default\">\n\t\t\t\t<div class=\"elementor-widget-container\">\n\t\t\t\t\t\t\t\t\t\t\t\t\t\t\t<img decoding=\"async\" width=\"300\" height=\"300\" src=\"https:\/\/zinokiteviska.lt\/wp-content\/uploads\/2023\/02\/Zinokite_viska_logo-300x300.jpg\" class=\"attachment-medium size-medium wp-image-1231\" alt=\"\" srcset=\"https:\/\/zinokiteviska.lt\/wp-content\/uploads\/2023\/02\/Zinokite_viska_logo-300x300.jpg 300w, https:\/\/zinokiteviska.lt\/wp-content\/uploads\/2023\/02\/Zinokite_viska_logo-150x150.jpg 150w, https:\/\/zinokiteviska.lt\/wp-content\/uploads\/2023\/02\/Zinokite_viska_logo.jpg 500w\" sizes=\"(max-width: 300px) 100vw, 300px\" \/>\t\t\t\t\t\t\t\t\t\t\t\t\t\t\t<\/div>\n\t\t\t\t<\/div>\n\t\t\t\t\t<\/div>\n\t\t<\/div>\n\t\t\t\t\t<\/div>\n\t\t<\/section>\n\t\t\t\t<section class=\"elementor-section elementor-top-section elementor-element elementor-element-cf22216 elementor-section-boxed elementor-section-height-default elementor-section-height-default\" data-id=\"cf22216\" data-element_type=\"section\">\n\t\t\t\t\t\t<div class=\"elementor-container elementor-column-gap-default\">\n\t\t\t\t\t<div class=\"elementor-column elementor-col-33 elementor-top-column elementor-element elementor-element-079c065\" data-id=\"079c065\" data-element_type=\"column\">\n\t\t\t<div class=\"elementor-widget-wrap elementor-element-populated\">\n\t\t\t\t\t\t<div class=\"elementor-element elementor-element-7f45da4 elementor-widget elementor-widget-text-editor\" data-id=\"7f45da4\" data-element_type=\"widget\" data-widget_type=\"text-editor.default\">\n\t\t\t\t<div class=\"elementor-widget-container\">\n\t\t\t\t\t\t\t\t\t<p style=\"text-align: center;\"><span style=\"color: #000000;\">\u201eCantrus Videography\u201c atstovaujama Viltaro Kri\u0161\u010di\u016bno. Tai laisvai samdomas videografas, turintis apie 10 met\u0173 patirt\u012f filmavime bei montavime, baig\u0119s grafinio dizaino kursus, turintis grafinio dizaino specialyb\u0117s pa\u017eym\u0117jim\u0105. Daugiausiai patirties turi\u00a0 reklam\u0173 k\u016brime socialiniams tinklams, reporta\u017e\u0173, lauko ekran\u0173 bei TV laid\u0173 k\u016brime.<\/span><\/p>\n<p style=\"text-align: center;\">\u00a0<\/p>\n<p style=\"text-align: center;\"><span style=\"color: #000000;\">Darbus galite per\u017ei\u016br\u0117ti:<\/span><br \/><span style=\"color: #0000ff;\"><a style=\"color: #0000ff;\" href=\"https:\/\/www.facebook.com\/cantrusvideography\"><em>Facebook<\/em><\/a><em>, <\/em><a style=\"color: #0000ff;\" href=\"https:\/\/www.cantrus.net\/?fbclid=IwAR13sY0x-wTfZiG1pzenHbbNXL8GEewQfPidn2vL4uTsPKVlhuwKKjYPN1Q\"><em>internetin\u0117je svetain\u0117je<\/em><\/a><\/span><\/p>\t\t\t\t\t\t\t\t<\/div>\n\t\t\t\t<\/div>\n\t\t\t\t\t<\/div>\n\t\t<\/div>\n\t\t\t\t<div class=\"elementor-column elementor-col-33 elementor-top-column elementor-element elementor-element-c6fc26f\" data-id=\"c6fc26f\" data-element_type=\"column\">\n\t\t\t<div class=\"elementor-widget-wrap elementor-element-populated\">\n\t\t\t\t\t\t\t<\/div>\n\t\t<\/div>\n\t\t\t\t<div class=\"elementor-column elementor-col-33 elementor-top-column elementor-element elementor-element-8f16d12\" data-id=\"8f16d12\" data-element_type=\"column\">\n\t\t\t<div class=\"elementor-widget-wrap elementor-element-populated\">\n\t\t\t\t\t\t<div class=\"elementor-element elementor-element-82a3a6d elementor-widget elementor-widget-text-editor\" data-id=\"82a3a6d\" data-element_type=\"widget\" data-widget_type=\"text-editor.default\">\n\t\t\t\t<div class=\"elementor-widget-container\">\n\t\t\t\t\t\t\t\t\t<p style=\"text-align: center;\"><span style=\"color: #000000;\">\u201e\u017dinokite visk\u0105\u201c komandos nariai, dirb\u0119 prie \u012fvairi\u0173 projekt\u0173, turintys apie 7 met\u0173 patirt\u012f skelbim\u0173 maketavimo, klip\u0173 montavimo srityse, dalyvav\u0119 \u012fvairiuose mokymuose. Dirba su tokiomis programomis, kaip: <em>Canva, VegasPro, Adobe Express<\/em> ir kt.<\/span><\/p>\t\t\t\t\t\t\t\t<\/div>\n\t\t\t\t<\/div>\n\t\t\t\t\t<\/div>\n\t\t<\/div>\n\t\t\t\t\t<\/div>\n\t\t<\/section>\n\t\t\t\t<section class=\"elementor-section elementor-top-section elementor-element elementor-element-94d8b47 elementor-section-boxed elementor-section-height-default elementor-section-height-default\" data-id=\"94d8b47\" data-element_type=\"section\">\n\t\t\t\t\t\t<div class=\"elementor-container elementor-column-gap-default\">\n\t\t\t\t\t<div class=\"elementor-column elementor-col-100 elementor-top-column elementor-element elementor-element-04839be\" data-id=\"04839be\" data-element_type=\"column\">\n\t\t\t<div class=\"elementor-widget-wrap elementor-element-populated\">\n\t\t\t\t\t\t<div class=\"elementor-element elementor-element-0757192 elementor-widget elementor-widget-text-editor\" data-id=\"0757192\" data-element_type=\"widget\" data-widget_type=\"text-editor.default\">\n\t\t\t\t<div class=\"elementor-widget-container\">\n\t\t\t\t\t\t\t\t\t<p><span style=\"color: #000000;\">Domina vieno i\u0161 m\u016bs\u0173 si\u016blom\u0173 tiek\u0117j\u0173 reklamini\u0173 klip\u0173 k\u016brimas? Informuokite mus apie tai el. pa\u0161tu <span style=\"color: #0000ff;\"><a style=\"color: #0000ff;\" href=\"mailto:info@zinokiteviska.lt\">info@zinokiteviska.lt<\/a><\/span> arba susisiekime <span style=\"color: #0000ff;\"><a style=\"color: #0000ff;\" href=\"https:\/\/www.facebook.com\/profile.php?id=100088879633173\">\u010dia<\/a><\/span> ir pasi\u016blysime geriausi\u0105 sprendim\u0105 atitinkant\u012f J\u016bs\u0173 poreikius.<\/span><\/p>\t\t\t\t\t\t\t\t<\/div>\n\t\t\t\t<\/div>\n\t\t\t\t\t<\/div>\n\t\t<\/div>\n\t\t\t\t\t<\/div>\n\t\t<\/section>\n\t\t\t\t<\/div>\n\t\t","protected":false},"excerpt":{"rendered":"<p>Prek\u0117s \u017eenklo \u012fvaizdis turi didel\u0119 reik\u0161m\u0119 s\u0117kmingai \u012fmon\u0117s veiklai. Geras, patrauklus, profesionalus reklaminis klipas turi didel\u0119 reik\u0161m\u0119 tikslin\u0117s auditorijos pasiekiamumui, tod\u0117l kuriant klipus rekomenduojame apgalvoti j\u0173 \u012fvaizd\u012f. \u00a0 Neturite klipo? Klipo k\u016brimui rekomenduojame \u0161iuos tiek\u0117jus \u201eCantrus Videography\u201c atstovaujama Viltaro Kri\u0161\u010di\u016bno. Tai laisvai samdomas videografas, turintis apie 10 met\u0173 patirt\u012f filmavime bei montavime, baig\u0119s grafinio dizaino [&hellip;]<\/p>\n","protected":false},"author":1,"featured_media":0,"parent":0,"menu_order":0,"comment_status":"closed","ping_status":"closed","template":"","meta":{"om_disable_all_campaigns":false,"_monsterinsights_skip_tracking":false,"_monsterinsights_sitenote_active":false,"_monsterinsights_sitenote_note":"","_monsterinsights_sitenote_category":0,"_themeisle_gutenberg_block_has_review":false,"_glsr_average":0,"_glsr_ranking":0,"_glsr_reviews":0,"footnotes":""},"class_list":["post-1124","page","type-page","status-publish","hentry"],"aioseo_notices":[],"_links":{"self":[{"href":"https:\/\/zinokiteviska.lt\/index.php\/wp-json\/wp\/v2\/pages\/1124","targetHints":{"allow":["GET"]}}],"collection":[{"href":"https:\/\/zinokiteviska.lt\/index.php\/wp-json\/wp\/v2\/pages"}],"about":[{"href":"https:\/\/zinokiteviska.lt\/index.php\/wp-json\/wp\/v2\/types\/page"}],"author":[{"embeddable":true,"href":"https:\/\/zinokiteviska.lt\/index.php\/wp-json\/wp\/v2\/users\/1"}],"replies":[{"embeddable":true,"href":"https:\/\/zinokiteviska.lt\/index.php\/wp-json\/wp\/v2\/comments?post=1124"}],"version-history":[{"count":17,"href":"https:\/\/zinokiteviska.lt\/index.php\/wp-json\/wp\/v2\/pages\/1124\/revisions"}],"predecessor-version":[{"id":2069,"href":"https:\/\/zinokiteviska.lt\/index.php\/wp-json\/wp\/v2\/pages\/1124\/revisions\/2069"}],"wp:attachment":[{"href":"https:\/\/zinokiteviska.lt\/index.php\/wp-json\/wp\/v2\/media?parent=1124"}],"curies":[{"name":"wp","href":"https:\/\/api.w.org\/{rel}","templated":true}]}}