{"id":1429,"date":"2023-02-09T10:48:40","date_gmt":"2023-02-09T10:48:40","guid":{"rendered":"https:\/\/zinokiteviska.lt\/?page_id=1429"},"modified":"2023-02-09T12:45:00","modified_gmt":"2023-02-09T12:45:00","slug":"atsiliepimai","status":"publish","type":"page","link":"https:\/\/zinokiteviska.lt\/index.php\/atsiliepimai\/","title":{"rendered":"Atsiliepimai"},"content":{"rendered":"<div class=\"glsr glsr-default\" id=\"glsr_00fd38a6\" data-from=\"block\" data-shortcode=\"site_reviews_form\" data-class=\"ticss-991bc579\" data-hide=\"terms\"><div class=\"glsr-form-wrap\">\n    <form class=\"ticss-991bc579 glsr-review-form glsr-form\" method=\"post\" enctype=\"multipart\/form-data\">\n        <input type=\"hidden\" name=\"site-reviews[_action]\" value=\"submit-review\" \/>\n<input type=\"hidden\" name=\"site-reviews[_nonce]\" value=\"8f4e3a62d6\" \/>\n<input type=\"hidden\" name=\"site-reviews[_post_id]\" value=\"1429\" \/>\n<input type=\"hidden\" name=\"site-reviews[_referer]\" value=\"\" \/>\n<input type=\"hidden\" name=\"site-reviews[assigned_posts]\" value=\"\" \/>\n<input type=\"hidden\" name=\"site-reviews[assigned_terms]\" value=\"\" \/>\n<input type=\"hidden\" name=\"site-reviews[assigned_users]\" value=\"\" \/>\n<input type=\"hidden\" name=\"site-reviews[excluded]\" value=\"terms\" \/>\n<input type=\"hidden\" name=\"site-reviews[form_id]\" value=\"glsr_00fd38a6\" \/>\n<input type=\"hidden\" name=\"site-reviews[terms_exist]\" value=\"0\" \/>\n<input type=\"hidden\" name=\"site-reviews[form_signature]\" value=\"vqhJ0Q-7cbzYrVhtd0Tvn6i3Pdgs2eLej6cUFuDBlUmgvbYPfkdaLQl8saXRIu1SOthXRQ2R8-JOstLTa1lqanNMHRKGtoO611wkK6QaDKJndn3cIExUmdOs8how2dQoIIwTBdir8TL8NxJy1xJBxJCunBLaO_4Ia80-b96XdauWi6Zpr7fhlD8s1b23FOmOVis7eFtvXBoTbT_DBedeU2hxmc2o7A6Uh4UMcS-6Makse8Bwh-LHvfaKeFSTS1yjemvJoHyTtTxzOcIxVwJF0pd93LYrWJsWn_lDJfec5WJAU9ZOX8vNSTOweQg7B173D33ZGZCzDm8OjsC6ZBcoCnIy1s7SNlKQz9WVAkklIqFHTiYsCdjTwMXuQSowfWWti4ni6NsDaWHJz-jQwQxPDSYpJcgKfK9XwA\" \/>\n<div class=\"glsr-field\" style=\"display:none;\"><label for=\"site-reviews-08959736-glsr_00fd38a6\">J\u016bs\u0173 atsiliepimas<\/label><input type=\"text\" class=\"glsr-input glsr-input-text\" id=\"site-reviews-08959736-glsr_00fd38a6\" name=\"site-reviews[08959736]\" value=\"\" \/><\/div>\n<div class=\"glsr-field glsr-field-rating glsr-required\" data-field=\"rating\">\n    <label class=\"glsr-label\" for=\"glsr_00fd38a6-rating\">\n    <span>J\u016bs\u0173 vertinimas<\/span>\n<\/label>\n    <select class=\"browser-default disable-select no_wrap no-wrap glsr-select\" id=\"glsr_00fd38a6-rating\" name=\"site-reviews[rating]\" required><option value=\"\">Select a Rating<\/option><option value=\"5\">5 Stars<\/option><option value=\"4\">4 Stars<\/option><option value=\"3\">3 Stars<\/option><option value=\"2\">2 Stars<\/option><option value=\"1\">1 Star<\/option><\/select>\n    <div class=\"glsr-field-error\"><\/div>\n<\/div>\n<div class=\"glsr-field glsr-field-text glsr-required\" data-field=\"title\">\n    <label class=\"glsr-label\" for=\"glsr_00fd38a6-title\">\n    <span>Tema<\/span>\n<\/label>\n    <input type=\"text\" class=\"glsr-input glsr-input-text\" id=\"glsr_00fd38a6-title\" name=\"site-reviews[title]\" required placeholder=\"...\" value=\"\" \/>\n    <div class=\"glsr-field-error\"><\/div>\n<\/div>\n<div class=\"glsr-field glsr-field-textarea glsr-required\" data-field=\"content\">\n    <label class=\"glsr-label\" for=\"glsr_00fd38a6-content\">\n    <span>J\u016bs\u0173 atsiliepimas<\/span>\n<\/label>\n    <textarea class=\"glsr-textarea\" id=\"glsr_00fd38a6-content\" name=\"site-reviews[content]\" required placeholder=\"...\" rows=\"5\"><\/textarea>\n    <div class=\"glsr-field-error\"><\/div>\n<\/div>\n<div class=\"glsr-field glsr-field-text glsr-required\" data-field=\"name\">\n    <label class=\"glsr-label\" for=\"glsr_00fd38a6-name\">\n    <span>J\u016bs\u0173 vardas<\/span>\n<\/label>\n    <input type=\"text\" class=\"glsr-input glsr-input-text\" id=\"glsr_00fd38a6-name\" name=\"site-reviews[name]\" required placeholder=\"...\" value=\"\" \/>\n    <div class=\"glsr-field-error\"><\/div>\n<\/div>\n<div class=\"glsr-field glsr-field-email glsr-required\" data-field=\"email\">\n    <label class=\"glsr-label\" for=\"glsr_00fd38a6-email\">\n    <span>J\u016bs\u0173 el. pa\u0161tas<\/span>\n<\/label>\n    <input type=\"email\" class=\"glsr-input glsr-input-email\" id=\"glsr_00fd38a6-email\" name=\"site-reviews[email]\" required placeholder=\"...\" value=\"\" \/>\n    <div class=\"glsr-field-error\"><\/div>\n<\/div>\n        <div class=\"glsr-captcha-holder\"><\/div><div class=\"glsr-form-message\">\n    \n<\/div>\n        <div data-field=\"submit-button\">\n    <div class=\"wp-block-buttons is-layout-flex\">\n        <div class=\"wp-block-button\">\n            <button type=\"submit\" class=\"glsr-button wp-block-button__link wp-element-button\" aria-busy=\"false\" data-loading=\"Teikiama, pra\u0161ome palaukti...\">Submit Review<\/button>\n        <\/div>\n    <\/div>\n<\/div>\n    <\/form>\n<\/div><\/div>","protected":false},"excerpt":{"rendered":"","protected":false},"author":1,"featured_media":0,"parent":0,"menu_order":0,"comment_status":"closed","ping_status":"closed","template":"","meta":{"om_disable_all_campaigns":false,"_monsterinsights_skip_tracking":false,"_monsterinsights_sitenote_active":false,"_monsterinsights_sitenote_note":"","_monsterinsights_sitenote_category":0,"_themeisle_gutenberg_block_has_review":false,"_glsr_average":0,"_glsr_ranking":0,"_glsr_reviews":0,"footnotes":""},"class_list":["post-1429","page","type-page","status-publish","hentry"],"aioseo_notices":[],"_links":{"self":[{"href":"https:\/\/zinokiteviska.lt\/index.php\/wp-json\/wp\/v2\/pages\/1429","targetHints":{"allow":["GET"]}}],"collection":[{"href":"https:\/\/zinokiteviska.lt\/index.php\/wp-json\/wp\/v2\/pages"}],"about":[{"href":"https:\/\/zinokiteviska.lt\/index.php\/wp-json\/wp\/v2\/types\/page"}],"author":[{"embeddable":true,"href":"https:\/\/zinokiteviska.lt\/index.php\/wp-json\/wp\/v2\/users\/1"}],"replies":[{"embeddable":true,"href":"https:\/\/zinokiteviska.lt\/index.php\/wp-json\/wp\/v2\/comments?post=1429"}],"version-history":[{"count":6,"href":"https:\/\/zinokiteviska.lt\/index.php\/wp-json\/wp\/v2\/pages\/1429\/revisions"}],"predecessor-version":[{"id":1488,"href":"https:\/\/zinokiteviska.lt\/index.php\/wp-json\/wp\/v2\/pages\/1429\/revisions\/1488"}],"wp:attachment":[{"href":"https:\/\/zinokiteviska.lt\/index.php\/wp-json\/wp\/v2\/media?parent=1429"}],"curies":[{"name":"wp","href":"https:\/\/api.w.org\/{rel}","templated":true}]}}