{"id":180,"date":"2022-12-10T12:58:07","date_gmt":"2022-12-10T12:58:07","guid":{"rendered":"https:\/\/zinokiteviska.lt\/?page_id=180"},"modified":"2023-02-08T10:38:04","modified_gmt":"2023-02-08T10:38:04","slug":"apie-mus","status":"publish","type":"page","link":"https:\/\/zinokiteviska.lt\/index.php\/apie-mus\/","title":{"rendered":"Apie mus"},"content":{"rendered":"\t\t<div data-elementor-type=\"wp-page\" data-elementor-id=\"180\" class=\"elementor elementor-180\">\n\t\t\t\t\t\t<section class=\"elementor-section elementor-top-section elementor-element elementor-element-2d633d67 elementor-section-boxed elementor-section-height-default elementor-section-height-default\" data-id=\"2d633d67\" data-element_type=\"section\">\n\t\t\t\t\t\t<div class=\"elementor-container elementor-column-gap-default\">\n\t\t\t\t\t<div class=\"elementor-column elementor-col-100 elementor-top-column elementor-element elementor-element-6bd86f01\" data-id=\"6bd86f01\" data-element_type=\"column\">\n\t\t\t<div class=\"elementor-widget-wrap elementor-element-populated\">\n\t\t\t\t\t\t<div class=\"elementor-element elementor-element-37c5a8e0 elementor-widget elementor-widget-text-editor\" data-id=\"37c5a8e0\" data-element_type=\"widget\" data-widget_type=\"text-editor.default\">\n\t\t\t\t<div class=\"elementor-widget-container\">\n\t\t\t\t\t\t\t\t\t<p><span style=\"color: #000000;\">\u201e\u017dali\u0173j\u0173 velni\u0173\u201c asociacija dalyvauja \u012fvairiuose projektuose \u0161vietimo, verslo, sporto ir kt. srityse. Vienas i\u0161 projekt\u0173 <span style=\"color: #0000ff;\">\u201e<a style=\"color: #0000ff;\" href=\"https:\/\/gyvenimelygus.lt\/index.php\/apie-projekta\/\">\u017dinok visk\u0105 Kai\u0161iadoryse<\/a>\u201c<\/span> \u012fgyvendintas 2020\u20132022 m. Projektas finansuojamas i\u0161 Europos S\u0105jungos strukt\u016brini\u0173 fond\u0173 l\u0117\u0161\u0173. Projekto tikslas \u2013 ma\u017einti nedarb\u0105 Kai\u0161iadoryse, suteikiant pagalb\u0105 darbingiems negali\u0105 turintiems asmenims ir jauno verslo subjektams, ugdant j\u0173 verslumo geb\u0117jimus ir suteikiant priemones informacijos sklaidos verslams.<\/span><\/p><p><!-- \/wp:media-text --><\/p>\t\t\t\t\t\t\t\t<\/div>\n\t\t\t\t<\/div>\n\t\t\t\t\t<\/div>\n\t\t<\/div>\n\t\t\t\t\t<\/div>\n\t\t<\/section>\n\t\t\t\t<section class=\"elementor-section elementor-top-section elementor-element elementor-element-eb2c023 elementor-section-boxed elementor-section-height-default elementor-section-height-default\" data-id=\"eb2c023\" data-element_type=\"section\">\n\t\t\t\t\t\t<div class=\"elementor-container elementor-column-gap-default\">\n\t\t\t\t\t<div class=\"elementor-column elementor-col-66 elementor-top-column elementor-element elementor-element-8c8a511\" data-id=\"8c8a511\" data-element_type=\"column\">\n\t\t\t<div class=\"elementor-widget-wrap elementor-element-populated\">\n\t\t\t\t\t\t<div class=\"elementor-element elementor-element-20b560f elementor-widget elementor-widget-text-editor\" data-id=\"20b560f\" data-element_type=\"widget\" data-widget_type=\"text-editor.default\">\n\t\t\t\t<div class=\"elementor-widget-container\">\n\t\t\t\t\t\t\t\t\t<p><span style=\"color: #000000;\">\u012egyvendinant projekt\u0105 15 darbing\u0173 ne\u012fgali\u0173 asmen\u0173 tur\u0117jo galimyb\u0119 dalyvauti projekto metu organizuojamuose mokymuose: mobilios aplikacijos, internetini\u0173 svetaini\u0173 administravimo, lauko reklamos, verslumo skatinimo ir informacijos sklaidos mokymuose. Pabaig\u0119 mokymus 5 projekto dalyviai tapo Jauno verslo subjektais bei kartu prad\u0117jo pl\u0117toti lauko reklamos versl\u0105 Kai\u0161iadoryse \u201e\u017dinokite visk\u0105\u201c.<\/span><\/p>\t\t\t\t\t\t\t\t<\/div>\n\t\t\t\t<\/div>\n\t\t\t\t\t<\/div>\n\t\t<\/div>\n\t\t\t\t<div class=\"elementor-column elementor-col-33 elementor-top-column elementor-element elementor-element-39ce5df\" data-id=\"39ce5df\" data-element_type=\"column\">\n\t\t\t<div class=\"elementor-widget-wrap elementor-element-populated\">\n\t\t\t\t\t\t<div class=\"elementor-element elementor-element-6f5f2d9 elementor-widget elementor-widget-image\" data-id=\"6f5f2d9\" data-element_type=\"widget\" data-widget_type=\"image.default\">\n\t\t\t\t<div class=\"elementor-widget-container\">\n\t\t\t\t\t\t\t\t\t\t\t\t\t\t\t\t<a href=\"https:\/\/zinokiteviska.lt\/wp-content\/uploads\/2023\/02\/Zinokite_viska_logo.jpg\" data-elementor-open-lightbox=\"yes\" data-elementor-lightbox-title=\"Zinokite_viska_logo\" data-e-action-hash=\"#elementor-action%3Aaction%3Dlightbox%26settings%3DeyJpZCI6MTIzMSwidXJsIjoiaHR0cHM6XC9cL3ppbm9raXRldmlza2EubHRcL3dwLWNvbnRlbnRcL3VwbG9hZHNcLzIwMjNcLzAyXC9aaW5va2l0ZV92aXNrYV9sb2dvLmpwZyJ9\">\n\t\t\t\t\t\t\t<img decoding=\"async\" width=\"150\" height=\"150\" src=\"https:\/\/zinokiteviska.lt\/wp-content\/uploads\/2023\/02\/Zinokite_viska_logo-150x150.jpg\" class=\"attachment-thumbnail size-thumbnail wp-image-1231\" alt=\"\" srcset=\"https:\/\/zinokiteviska.lt\/wp-content\/uploads\/2023\/02\/Zinokite_viska_logo-150x150.jpg 150w, https:\/\/zinokiteviska.lt\/wp-content\/uploads\/2023\/02\/Zinokite_viska_logo-300x300.jpg 300w, https:\/\/zinokiteviska.lt\/wp-content\/uploads\/2023\/02\/Zinokite_viska_logo.jpg 500w\" sizes=\"(max-width: 150px) 100vw, 150px\" \/>\t\t\t\t\t\t\t\t<\/a>\n\t\t\t\t\t\t\t\t\t\t\t\t\t\t\t<\/div>\n\t\t\t\t<\/div>\n\t\t\t\t\t<\/div>\n\t\t<\/div>\n\t\t\t\t\t<\/div>\n\t\t<\/section>\n\t\t\t\t<section class=\"elementor-section elementor-top-section elementor-element elementor-element-4c4d54d elementor-section-boxed elementor-section-height-default elementor-section-height-default\" data-id=\"4c4d54d\" data-element_type=\"section\">\n\t\t\t\t\t\t<div class=\"elementor-container elementor-column-gap-default\">\n\t\t\t\t\t<div class=\"elementor-column elementor-col-100 elementor-top-column elementor-element elementor-element-c7d6a55\" data-id=\"c7d6a55\" data-element_type=\"column\">\n\t\t\t<div class=\"elementor-widget-wrap elementor-element-populated\">\n\t\t\t\t\t\t<div class=\"elementor-element elementor-element-e3e3687 elementor-widget elementor-widget-text-editor\" data-id=\"e3e3687\" data-element_type=\"widget\" data-widget_type=\"text-editor.default\">\n\t\t\t\t<div class=\"elementor-widget-container\">\n\t\t\t\t\t\t\t\t\t<p><span style=\"color: #000000;\">Lauko reklamos verslo \u201e\u017dinokite visk\u0105\u201c pagrindin\u0117 veikla \u2013 parduoti video reklam\u0105 LED ekrane pastatytame \u0161alia pastato vadinamo freska \u201eBu\u010dinys\u201c (Gedimino g. 115C, Kai\u0161iadorys).<\/span><\/p><p><span style=\"color: #000000;\">U\u017e galimyb\u0119 negali\u0105 turintiems asmenims pl\u0117toti versl\u0105 esame d\u0117kingi Kai\u0161iadori\u0173 rajono savivaldybei bei Europos S\u0105jungos strukt\u016briniam fondui, kurie finansavo, r\u0117m\u0117 projekt\u0105 \u201e\u017dinokite visk\u0105 Kai\u0161iadoryse\u201c.<\/span><\/p>\t\t\t\t\t\t\t\t<\/div>\n\t\t\t\t<\/div>\n\t\t\t\t\t<\/div>\n\t\t<\/div>\n\t\t\t\t\t<\/div>\n\t\t<\/section>\n\t\t\t\t<section class=\"elementor-section elementor-top-section elementor-element elementor-element-9b0c3f6 elementor-section-boxed elementor-section-height-default elementor-section-height-default\" data-id=\"9b0c3f6\" data-element_type=\"section\">\n\t\t\t\t\t\t<div class=\"elementor-container elementor-column-gap-default\">\n\t\t\t\t\t<div class=\"elementor-column elementor-col-50 elementor-top-column elementor-element elementor-element-f834db1\" data-id=\"f834db1\" data-element_type=\"column\">\n\t\t\t<div class=\"elementor-widget-wrap elementor-element-populated\">\n\t\t\t\t\t\t<div class=\"elementor-element elementor-element-7ddffbc elementor-widget elementor-widget-image\" data-id=\"7ddffbc\" data-element_type=\"widget\" data-widget_type=\"image.default\">\n\t\t\t\t<div class=\"elementor-widget-container\">\n\t\t\t\t\t\t\t\t\t\t\t\t\t\t\t\t<a href=\"https:\/\/kaisiadorys.lt\/\">\n\t\t\t\t\t\t\t<img decoding=\"async\" width=\"240\" height=\"124\" src=\"https:\/\/zinokiteviska.lt\/wp-content\/uploads\/2022\/12\/header_extra_logo.png\" class=\"attachment-medium size-medium wp-image-568\" alt=\"\" \/>\t\t\t\t\t\t\t\t<\/a>\n\t\t\t\t\t\t\t\t\t\t\t\t\t\t\t<\/div>\n\t\t\t\t<\/div>\n\t\t\t\t\t<\/div>\n\t\t<\/div>\n\t\t\t\t<div class=\"elementor-column elementor-col-50 elementor-top-column elementor-element elementor-element-f398776\" data-id=\"f398776\" data-element_type=\"column\">\n\t\t\t<div class=\"elementor-widget-wrap elementor-element-populated\">\n\t\t\t\t\t\t<div class=\"elementor-element elementor-element-282dc2b elementor-widget elementor-widget-image\" data-id=\"282dc2b\" data-element_type=\"widget\" data-widget_type=\"image.default\">\n\t\t\t\t<div class=\"elementor-widget-container\">\n\t\t\t\t\t\t\t\t\t\t\t\t\t\t\t\t<a href=\"https:\/\/www.esf.lt\/\">\n\t\t\t\t\t\t\t<img decoding=\"async\" width=\"300\" height=\"150\" src=\"https:\/\/zinokiteviska.lt\/wp-content\/uploads\/2022\/12\/cropped-Finansuojama-Europos-socialinio-fondo-lesomis-1-300x150.jpg\" class=\"attachment-medium size-medium wp-image-427\" alt=\"\" srcset=\"https:\/\/zinokiteviska.lt\/wp-content\/uploads\/2022\/12\/cropped-Finansuojama-Europos-socialinio-fondo-lesomis-1-300x150.jpg 300w, https:\/\/zinokiteviska.lt\/wp-content\/uploads\/2022\/12\/cropped-Finansuojama-Europos-socialinio-fondo-lesomis-1-1024x512.jpg 1024w, https:\/\/zinokiteviska.lt\/wp-content\/uploads\/2022\/12\/cropped-Finansuojama-Europos-socialinio-fondo-lesomis-1-768x384.jpg 768w, https:\/\/zinokiteviska.lt\/wp-content\/uploads\/2022\/12\/cropped-Finansuojama-Europos-socialinio-fondo-lesomis-1-1536x768.jpg 1536w, https:\/\/zinokiteviska.lt\/wp-content\/uploads\/2022\/12\/cropped-Finansuojama-Europos-socialinio-fondo-lesomis-1.jpg 1920w\" sizes=\"(max-width: 300px) 100vw, 300px\" \/>\t\t\t\t\t\t\t\t<\/a>\n\t\t\t\t\t\t\t\t\t\t\t\t\t\t\t<\/div>\n\t\t\t\t<\/div>\n\t\t\t\t\t<\/div>\n\t\t<\/div>\n\t\t\t\t\t<\/div>\n\t\t<\/section>\n\t\t\t\t<\/div>\n\t\t","protected":false},"excerpt":{"rendered":"<p>\u201e\u017dali\u0173j\u0173 velni\u0173\u201c asociacija dalyvauja \u012fvairiuose projektuose \u0161vietimo, verslo, sporto ir kt. srityse. Vienas i\u0161 projekt\u0173 \u201e\u017dinok visk\u0105 Kai\u0161iadoryse\u201c \u012fgyvendintas 2020\u20132022 m. Projektas finansuojamas i\u0161 Europos S\u0105jungos strukt\u016brini\u0173 fond\u0173 l\u0117\u0161\u0173. Projekto tikslas \u2013 ma\u017einti nedarb\u0105 Kai\u0161iadoryse, suteikiant pagalb\u0105 darbingiems negali\u0105 turintiems asmenims ir jauno verslo subjektams, ugdant j\u0173 verslumo geb\u0117jimus ir suteikiant priemones informacijos sklaidos verslams. [&hellip;]<\/p>\n","protected":false},"author":1,"featured_media":0,"parent":0,"menu_order":0,"comment_status":"closed","ping_status":"closed","template":"","meta":{"om_disable_all_campaigns":false,"_monsterinsights_skip_tracking":false,"_monsterinsights_sitenote_active":false,"_monsterinsights_sitenote_note":"","_monsterinsights_sitenote_category":0,"_themeisle_gutenberg_block_has_review":false,"_glsr_average":0,"_glsr_ranking":0,"_glsr_reviews":0,"footnotes":""},"class_list":["post-180","page","type-page","status-publish","hentry"],"aioseo_notices":[],"_links":{"self":[{"href":"https:\/\/zinokiteviska.lt\/index.php\/wp-json\/wp\/v2\/pages\/180","targetHints":{"allow":["GET"]}}],"collection":[{"href":"https:\/\/zinokiteviska.lt\/index.php\/wp-json\/wp\/v2\/pages"}],"about":[{"href":"https:\/\/zinokiteviska.lt\/index.php\/wp-json\/wp\/v2\/types\/page"}],"author":[{"embeddable":true,"href":"https:\/\/zinokiteviska.lt\/index.php\/wp-json\/wp\/v2\/users\/1"}],"replies":[{"embeddable":true,"href":"https:\/\/zinokiteviska.lt\/index.php\/wp-json\/wp\/v2\/comments?post=180"}],"version-history":[{"count":37,"href":"https:\/\/zinokiteviska.lt\/index.php\/wp-json\/wp\/v2\/pages\/180\/revisions"}],"predecessor-version":[{"id":1260,"href":"https:\/\/zinokiteviska.lt\/index.php\/wp-json\/wp\/v2\/pages\/180\/revisions\/1260"}],"wp:attachment":[{"href":"https:\/\/zinokiteviska.lt\/index.php\/wp-json\/wp\/v2\/media?parent=180"}],"curies":[{"name":"wp","href":"https:\/\/api.w.org\/{rel}","templated":true}]}}