{"id":184,"date":"2022-12-10T12:58:55","date_gmt":"2022-12-10T12:58:55","guid":{"rendered":"https:\/\/zinokiteviska.lt\/?page_id=184"},"modified":"2023-03-10T15:19:19","modified_gmt":"2023-03-10T15:19:19","slug":"kontaktai","status":"publish","type":"page","link":"https:\/\/zinokiteviska.lt\/index.php\/kontaktai\/","title":{"rendered":"Kontaktai"},"content":{"rendered":"\t\t<div data-elementor-type=\"wp-page\" data-elementor-id=\"184\" class=\"elementor elementor-184\">\n\t\t\t\t\t\t<section class=\"elementor-section elementor-top-section elementor-element elementor-element-3432a3a elementor-section-boxed elementor-section-height-default elementor-section-height-default\" data-id=\"3432a3a\" data-element_type=\"section\">\n\t\t\t\t\t\t<div class=\"elementor-container elementor-column-gap-default\">\n\t\t\t\t\t<div class=\"elementor-column elementor-col-50 elementor-top-column elementor-element elementor-element-6e70216\" data-id=\"6e70216\" data-element_type=\"column\">\n\t\t\t<div class=\"elementor-widget-wrap elementor-element-populated\">\n\t\t\t\t\t\t<div class=\"elementor-element elementor-element-6995b3a elementor-widget elementor-widget-text-editor\" data-id=\"6995b3a\" data-element_type=\"widget\" data-widget_type=\"text-editor.default\">\n\t\t\t\t<div class=\"elementor-widget-container\">\n\t\t\t\t\t\t\t\t\t<h3><strong>Par\u0161ome susisiekti \u0161iais kontaktais arba per apa\u010dioje esan\u010di\u0105 form\u0105:<\/strong><\/h3><h6>Tel. +370 (669) 80698,<br \/>el. p. <a href=\"mailto:info@zinokiteviska.lt\">info@zinokiteviska.lt,<\/a><br \/>Gedimino g. 115C, LT-56150, Kai\u0161iadorys, Lietuva<\/h6><h6>\u00a0<\/h6><h6>Bendraukime <em style=\"font-size: 1em;\"><a href=\"https:\/\/www.facebook.com\/profile.php?id=100088879633173\">facebook<\/a><\/em><\/h6>\t\t\t\t\t\t\t\t<\/div>\n\t\t\t\t<\/div>\n\t\t\t\t\t<\/div>\n\t\t<\/div>\n\t\t\t\t<div class=\"elementor-column elementor-col-50 elementor-top-column elementor-element elementor-element-d1171ba\" data-id=\"d1171ba\" data-element_type=\"column\">\n\t\t\t<div class=\"elementor-widget-wrap elementor-element-populated\">\n\t\t\t\t\t\t<div class=\"elementor-element elementor-element-07f131b elementor-widget elementor-widget-shortcode\" data-id=\"07f131b\" data-element_type=\"widget\" data-widget_type=\"shortcode.default\">\n\t\t\t\t<div class=\"elementor-widget-container\">\n\t\t\t\t\t\t\t<div class=\"elementor-shortcode\"><iframe src=\"https:\/\/www.google.com\/maps\/embed?pb=!1m18!1m12!1m3!1d2296.679567044164!2d24.440850116151577!3d54.855877480323045!2m3!1f0!2f0!3f0!3m2!1i1024!2i768!4f13.1!3m3!1m2!1s0x46e76bc33545e199%3A0x20c284d20e433e00!2sGedimino%20g.%20115%2C%2056150%20Kai%C5%A1iadorys!5e0!3m2!1slt!2slt!4v1670681135985!5m2!1slt!2slt\" width=\"600\" height=\"450\" style=\"border:0;\" allowfullscreen=\"\" loading=\"lazy\" referrerpolicy=\"no-referrer-when-downgrade\"><\/iframe><\/div>\n\t\t\t\t\t\t<\/div>\n\t\t\t\t<\/div>\n\t\t\t\t\t<\/div>\n\t\t<\/div>\n\t\t\t\t\t<\/div>\n\t\t<\/section>\n\t\t\t\t<section class=\"elementor-section elementor-top-section elementor-element elementor-element-e17d4eb elementor-section-boxed elementor-section-height-default elementor-section-height-default\" data-id=\"e17d4eb\" data-element_type=\"section\">\n\t\t\t\t\t\t<div class=\"elementor-container elementor-column-gap-default\">\n\t\t\t\t\t<div class=\"elementor-column elementor-col-100 elementor-top-column elementor-element elementor-element-dfe98ea\" data-id=\"dfe98ea\" data-element_type=\"column\">\n\t\t\t<div class=\"elementor-widget-wrap elementor-element-populated\">\n\t\t\t\t\t\t<div class=\"elementor-element elementor-element-14a019b elementor-widget elementor-widget-wpforms\" data-id=\"14a019b\" data-element_type=\"widget\" data-widget_type=\"wpforms.default\">\n\t\t\t\t<div class=\"elementor-widget-container\">\n\t\t\t\t\t<div class=\"wpforms-container wpforms-container-full\" id=\"wpforms-1157\"><form id=\"wpforms-form-1157\" class=\"wpforms-validate wpforms-form wpforms-ajax-form\" data-formid=\"1157\" method=\"post\" enctype=\"multipart\/form-data\" action=\"\/index.php\/wp-json\/wp\/v2\/pages\/184\" data-token=\"47c4682b7b04a481594310acdc28866f\" data-token-time=\"1775898210\"><noscript class=\"wpforms-error-noscript\">Please enable JavaScript in your browser to complete this form.<\/noscript><div class=\"wpforms-field-container\"><div id=\"wpforms-1157-field_3-container\" class=\"wpforms-field wpforms-field-text\" data-field-id=\"3\"><label class=\"wpforms-field-label\" for=\"wpforms-1157-field_3\">U\u017esakovas <span class=\"wpforms-required-label\">*<\/span><\/label><input type=\"text\" id=\"wpforms-1157-field_3\" class=\"wpforms-field-medium wpforms-field-required\" name=\"wpforms[fields][3]\" required><\/div><div id=\"wpforms-1157-field_1-container\" class=\"wpforms-field wpforms-field-email\" data-field-id=\"1\"><label class=\"wpforms-field-label\" for=\"wpforms-1157-field_1\">El. pa\u0161tas <span class=\"wpforms-required-label\">*<\/span><\/label><input type=\"email\" id=\"wpforms-1157-field_1\" class=\"wpforms-field-medium wpforms-field-required\" name=\"wpforms[fields][1]\" spellcheck=\"false\" required><\/div><div id=\"wpforms-1157-field_7-container\" class=\"wpforms-field wpforms-field-text\" data-field-id=\"7\"><label class=\"wpforms-field-label\" for=\"wpforms-1157-field_7\">Tel. numeris <span class=\"wpforms-required-label\">*<\/span><\/label><input type=\"text\" id=\"wpforms-1157-field_7\" class=\"wpforms-field-medium wpforms-field-required\" name=\"wpforms[fields][7]\" required><\/div><div id=\"wpforms-1157-field_8-container\" class=\"wpforms-field wpforms-field-text\" data-field-id=\"8\"><label class=\"wpforms-field-label\" for=\"wpforms-1157-field_8\">U\u017esakymo laikotarpis <span class=\"wpforms-required-label\">*<\/span><\/label><input type=\"text\" id=\"wpforms-1157-field_8\" class=\"wpforms-field-medium wpforms-field-required\" name=\"wpforms[fields][8]\" required><\/div><div id=\"wpforms-1157-field_5-container\" class=\"wpforms-field wpforms-field-radio\" data-field-id=\"5\"><label class=\"wpforms-field-label\">Pasirinkite plan\u0105 <span class=\"wpforms-required-label\">*<\/span><\/label><ul id=\"wpforms-1157-field_5\" class=\"wpforms-field-required\"><li class=\"choice-1 depth-1\"><input type=\"radio\" id=\"wpforms-1157-field_5_1\" name=\"wpforms[fields][5]\" value=\"MINI\" required ><label class=\"wpforms-field-label-inline\" for=\"wpforms-1157-field_5_1\">MINI<\/label><\/li><li class=\"choice-2 depth-1\"><input type=\"radio\" id=\"wpforms-1157-field_5_2\" name=\"wpforms[fields][5]\" value=\"MEDIUM\" required ><label class=\"wpforms-field-label-inline\" for=\"wpforms-1157-field_5_2\">MEDIUM<\/label><\/li><li class=\"choice-3 depth-1\"><input type=\"radio\" id=\"wpforms-1157-field_5_3\" name=\"wpforms[fields][5]\" value=\"MAXI\" required ><label class=\"wpforms-field-label-inline\" for=\"wpforms-1157-field_5_3\">MAXI<\/label><\/li><\/ul><\/div><div id=\"wpforms-1157-field_6-container\" class=\"wpforms-field wpforms-field-radio\" data-field-id=\"6\"><label class=\"wpforms-field-label\">Ar reikalinga video klip\u0173 k\u016brimo paslauga? <span class=\"wpforms-required-label\">*<\/span><\/label><ul id=\"wpforms-1157-field_6\" class=\"wpforms-field-required\"><li class=\"choice-1 depth-1\"><input type=\"radio\" id=\"wpforms-1157-field_6_1\" name=\"wpforms[fields][6]\" value=\"Taip\" required ><label class=\"wpforms-field-label-inline\" for=\"wpforms-1157-field_6_1\">Taip<\/label><\/li><li class=\"choice-2 depth-1\"><input type=\"radio\" id=\"wpforms-1157-field_6_2\" name=\"wpforms[fields][6]\" value=\"Ne\" required ><label class=\"wpforms-field-label-inline\" for=\"wpforms-1157-field_6_2\">Ne<\/label><\/li><\/ul><\/div><div id=\"wpforms-1157-field_2-container\" class=\"wpforms-field wpforms-field-textarea\" data-field-id=\"2\"><label class=\"wpforms-field-label\" for=\"wpforms-1157-field_2\">Komentarai<\/label><textarea id=\"wpforms-1157-field_2\" class=\"wpforms-field-medium\" name=\"wpforms[fields][2]\" ><\/textarea><\/div><\/div><!-- .wpforms-field-container --><div class=\"wpforms-submit-container\" ><input type=\"hidden\" name=\"wpforms[id]\" value=\"1157\"><input type=\"hidden\" name=\"page_title\" value=\"\"><input type=\"hidden\" name=\"page_url\" value=\"https:\/\/zinokiteviska.lt\/index.php\/wp-json\/wp\/v2\/pages\/184\"><input type=\"hidden\" name=\"url_referer\" value=\"\"><button type=\"submit\" name=\"wpforms[submit]\" id=\"wpforms-submit-1157\" class=\"wpforms-submit\" data-alt-text=\"Siun\u010diama...\" data-submit-text=\"Pateikti\" aria-live=\"assertive\" value=\"wpforms-submit\">Pateikti<\/button><img decoding=\"async\" src=\"https:\/\/zinokiteviska.lt\/wp-content\/plugins\/wpforms-lite\/assets\/images\/submit-spin.svg\" class=\"wpforms-submit-spinner\" style=\"display: none;\" width=\"26\" height=\"26\" alt=\"Loading\"><\/div><\/form><\/div>  <!-- .wpforms-container -->\t\t\t\t<\/div>\n\t\t\t\t<\/div>\n\t\t\t\t\t<\/div>\n\t\t<\/div>\n\t\t\t\t\t<\/div>\n\t\t<\/section>\n\t\t\t\t<\/div>\n\t\t","protected":false},"excerpt":{"rendered":"<p>Par\u0161ome susisiekti \u0161iais kontaktais arba per apa\u010dioje esan\u010di\u0105 form\u0105: Tel. +370 (669) 80698,el. p. info@zinokiteviska.lt,Gedimino g. 115C, LT-56150, Kai\u0161iadorys, Lietuva \u00a0 Bendraukime facebook<\/p>\n","protected":false},"author":1,"featured_media":0,"parent":0,"menu_order":0,"comment_status":"closed","ping_status":"closed","template":"","meta":{"om_disable_all_campaigns":false,"_monsterinsights_skip_tracking":false,"_monsterinsights_sitenote_active":false,"_monsterinsights_sitenote_note":"","_monsterinsights_sitenote_category":0,"_themeisle_gutenberg_block_has_review":false,"_glsr_average":0,"_glsr_ranking":0,"_glsr_reviews":0,"footnotes":""},"class_list":["post-184","page","type-page","status-publish","hentry"],"aioseo_notices":[],"_links":{"self":[{"href":"https:\/\/zinokiteviska.lt\/index.php\/wp-json\/wp\/v2\/pages\/184","targetHints":{"allow":["GET"]}}],"collection":[{"href":"https:\/\/zinokiteviska.lt\/index.php\/wp-json\/wp\/v2\/pages"}],"about":[{"href":"https:\/\/zinokiteviska.lt\/index.php\/wp-json\/wp\/v2\/types\/page"}],"author":[{"embeddable":true,"href":"https:\/\/zinokiteviska.lt\/index.php\/wp-json\/wp\/v2\/users\/1"}],"replies":[{"embeddable":true,"href":"https:\/\/zinokiteviska.lt\/index.php\/wp-json\/wp\/v2\/comments?post=184"}],"version-history":[{"count":37,"href":"https:\/\/zinokiteviska.lt\/index.php\/wp-json\/wp\/v2\/pages\/184\/revisions"}],"predecessor-version":[{"id":1895,"href":"https:\/\/zinokiteviska.lt\/index.php\/wp-json\/wp\/v2\/pages\/184\/revisions\/1895"}],"wp:attachment":[{"href":"https:\/\/zinokiteviska.lt\/index.php\/wp-json\/wp\/v2\/media?parent=184"}],"curies":[{"name":"wp","href":"https:\/\/api.w.org\/{rel}","templated":true}]}}