{"id":2148,"date":"2024-11-30T13:15:00","date_gmt":"2024-11-30T13:15:00","guid":{"rendered":"https:\/\/zinokiteviska.lt\/?page_id=2148"},"modified":"2026-01-10T13:21:05","modified_gmt":"2026-01-10T13:21:05","slug":"ieskomi-nauji-projekto-dalyviai","status":"publish","type":"page","link":"https:\/\/zinokiteviska.lt\/index.php\/ieskomi-nauji-projekto-dalyviai\/","title":{"rendered":"Projekto dalyviams"},"content":{"rendered":"\n<p>Kvie\u010diame prie projekto ,,\u017dinokite visk\u0105 Kai\u0161iadoryse\u201d prisijungti 5 naujus dalyvius. Projekto tikslin\u0117 grup\u0117 \u2013 darbingi ne\u012fgal\u016bs, Kai\u0161iadori\u0173 mieste gyvenantys \u017emon\u0117s. Dalyvius kvie\u010diame prisijungti prie lauko ekrano paslaug\u0173 teikimo Kai\u0161iadori\u0173 mieste. Apmokome, suteikiame \u012frang\u0105 ir reikalingas priemones.<\/p>\n\n\n\n<p>Daugiau informacijos apie projekt\u0105 galite rasti&nbsp;<a href=\"https:\/\/gyvenimelygus.lt\/index.php\/apie-projekta\/\">\u010dia<\/a>.<\/p>\n\n\n\n<p>Registracija ir kita informacija telefonais: +37060497635, +37060361590, el. pa\u0161tu:&nbsp;zalieji.velniai@gmail.com.<\/p>\n","protected":false},"excerpt":{"rendered":"<p>Kvie\u010diame prie projekto ,,\u017dinokite visk\u0105 Kai\u0161iadoryse\u201d prisijungti 5 naujus dalyvius. Projekto tikslin\u0117 grup\u0117 \u2013 darbingi ne\u012fgal\u016bs, Kai\u0161iadori\u0173 mieste gyvenantys \u017emon\u0117s. Dalyvius kvie\u010diame prisijungti prie lauko ekrano paslaug\u0173 teikimo Kai\u0161iadori\u0173 mieste. Apmokome, suteikiame \u012frang\u0105 ir reikalingas priemones. Daugiau informacijos apie projekt\u0105 galite rasti&nbsp;\u010dia. Registracija ir kita informacija telefonais: +37060497635, +37060361590, el. pa\u0161tu:&nbsp;zalieji.velniai@gmail.com.<\/p>\n","protected":false},"author":1,"featured_media":0,"parent":0,"menu_order":0,"comment_status":"closed","ping_status":"closed","template":"","meta":{"om_disable_all_campaigns":false,"_monsterinsights_skip_tracking":false,"_monsterinsights_sitenote_active":false,"_monsterinsights_sitenote_note":"","_monsterinsights_sitenote_category":0,"_themeisle_gutenberg_block_has_review":false,"_glsr_average":0,"_glsr_ranking":0,"_glsr_reviews":0,"footnotes":""},"class_list":["post-2148","page","type-page","status-publish","hentry"],"aioseo_notices":[],"_links":{"self":[{"href":"https:\/\/zinokiteviska.lt\/index.php\/wp-json\/wp\/v2\/pages\/2148","targetHints":{"allow":["GET"]}}],"collection":[{"href":"https:\/\/zinokiteviska.lt\/index.php\/wp-json\/wp\/v2\/pages"}],"about":[{"href":"https:\/\/zinokiteviska.lt\/index.php\/wp-json\/wp\/v2\/types\/page"}],"author":[{"embeddable":true,"href":"https:\/\/zinokiteviska.lt\/index.php\/wp-json\/wp\/v2\/users\/1"}],"replies":[{"embeddable":true,"href":"https:\/\/zinokiteviska.lt\/index.php\/wp-json\/wp\/v2\/comments?post=2148"}],"version-history":[{"count":2,"href":"https:\/\/zinokiteviska.lt\/index.php\/wp-json\/wp\/v2\/pages\/2148\/revisions"}],"predecessor-version":[{"id":2151,"href":"https:\/\/zinokiteviska.lt\/index.php\/wp-json\/wp\/v2\/pages\/2148\/revisions\/2151"}],"wp:attachment":[{"href":"https:\/\/zinokiteviska.lt\/index.php\/wp-json\/wp\/v2\/media?parent=2148"}],"curies":[{"name":"wp","href":"https:\/\/api.w.org\/{rel}","templated":true}]}}